{"id":17344,"date":"2020-04-21T16:34:52","date_gmt":"2020-04-21T15:34:52","guid":{"rendered":"https:\/\/www.algardata.com\/contacts\/"},"modified":"2023-04-03T15:47:45","modified_gmt":"2023-04-03T14:47:45","slug":"contacts","status":"publish","type":"page","link":"https:\/\/old.algardata.com\/en\/contacts\/","title":{"rendered":"Contacts"},"content":{"rendered":"<p><div class=\"fusion-fullwidth fullwidth-box fusion-builder-row-1 fusion-flex-container nonhundred-percent-fullwidth non-hundred-percent-height-scrolling\" style=\"background-color: #ffffff;background-position: center center;background-repeat: no-repeat;border-width: 0px 0px 0px 0px;border-color:#eae9e9;border-style:solid;\" id=\"contactos\" ><div class=\"fusion-builder-row fusion-row fusion-flex-align-items-flex-start fusion-flex-justify-content-center\" style=\"max-width:1331.2px;margin-left: calc(-4% \/ 2 );margin-right: calc(-4% \/ 2 );\"><div class=\"fusion-layout-column fusion_builder_column fusion-builder-column-0 fusion_builder_column_1_2 1_2 fusion-flex-column\"><div class=\"fusion-column-wrapper fusion-flex-justify-content-flex-start fusion-content-layout-column\" style=\"background-position:left top;background-repeat:no-repeat;-webkit-background-size:cover;-moz-background-size:cover;-o-background-size:cover;background-size:cover;padding: 0px 0px 0px 0px;\"><style type=\"text\/css\">@media only screen and (max-width:1024px) {.fusion-title.fusion-title-1{margin-top:0px!important;margin-right:!important;margin-bottom:24px!important; margin-left:!important;}}@media only screen and (max-width:640px) {.fusion-title.fusion-title-1{margin-top:0px!important; margin-right:0px!important;margin-bottom:24px!important; margin-left:0px!important;}}<\/style><div class=\"fusion-title title fusion-title-1 fusion-sep-none fusion-title-text fusion-title-size-one\" style=\"margin-top:0px;margin-right:0px;margin-bottom:24px;margin-left:0px;\"><h1 class=\"title-heading-left fusion-responsive-typography-calculated\" style=\"margin:0;color:#002d57;--fontSize:48;line-height:1.21;\">Portugal<\/h1><\/div><div class=\"fusion-text fusion-text-1 contacts-container\"><h4>Loul\u00e9 (Sede)<\/h4>\n<p><i class=\"fas fa-phone\" style=\"color: #1191e7;\"><\/i><a href=\"tel:+351289300180\"><span style=\"font-size: 16px; line-height: 4px;\" data-fusion-font=\"true\"> (+351) 289 300 180*<\/span><\/a> (*National Landline Call)<\/p>\n<p><i class=\"fas fa-envelope-open-text\" style=\"color: #1191e7;\"><\/i><a href=\"mailto:comercial@algardata.pt\"><span style=\"font-size: 16px; line-height: 4px;\" data-fusion-font=\"true\"> comercial@algardata.pt<\/span><\/a><\/p>\n<p><i class=\"fas fa-building\" style=\"color: #1191e7;\"><\/i><a href=\"https:\/\/www.google.com\/maps\/place\/Algardata+-+Sistemas+Inform%C3%A1ticos+Lda.\/@37.129956,-8.038634,15z\/data=!4m2!3m1!1s0x0:0x6b6cbecab1c3fbf8?sa=X&amp;ved=2ahUKEwjS3sje8bbsAhVHqxoKHYlNCNEQ_BIwHHoECBkQBQ\" target=\"_blanc\" rel=\"noopener noreferrer\"><span style=\"font-size: 16px; line-height: 4px;\" data-fusion-font=\"true\"> Zona Industrial de Loul\u00e9, Edif\u00edcio Inovacenter<br \/>\n8100-272 Loul\u00e9<\/span><\/a><\/p>\n<p><i class=\"fas fa-clock\" style=\"color: #1191e7;\"><\/i><span style=\"font-size: 16px; line-height: 4px;\" data-fusion-font=\"true\"> Seg. a Sex das 9:00 &#8211; 13:00 | 14:00 &#8211; 18:00<\/span><\/p>\n<\/div><div class=\"fusion-text fusion-text-2 contacts-container\"><h4>Lisboa<\/h4>\n<p><i class=\"fas fa-phone\" style=\"color: #1191e7;\"><\/i> <a href=\"tel:+351217123060\">(+351) 217 123 060*<\/a> (*National Landline Call)<\/p>\n<p><i class=\"fas fa-envelope-open-text\" style=\"color: #1191e7;\"><\/i><a href=\"mailto:comercial@algardata.pt\"><span style=\"font-size: 16px; line-height: 4px;\" data-fusion-font=\"true\"> comercial@algardata.pt<\/span><\/a><\/p>\n<p><i class=\"fas fa-building\" style=\"color: #1191e7;\"><\/i> <a href=\"https:\/\/www.google.com\/maps\/place\/Algardata+Lisboa\/@38.7683422,-9.1831767,17z\/data=!3m1!4b1!4m5!3m4!1s0xd1932c8dd203603:0xbd81b52964464191!8m2!3d38.768338!4d-9.180988\">Rua Ant\u00f3nio Champalimaud, P\u00f3lo Tecnol\u00f3gico de Lisboa Lote 3 \u2013 S209 1600 \u2013 546 Lisboa<\/a><\/p>\n<p><i class=\"fas fa-clock\" style=\"color: #1191e7;\"><\/i><span style=\"font-size: 16px; line-height: 4px;\" data-fusion-font=\"true\"> Seg. a Sex das 9:00 &#8211; 13:00 | 14:00 &#8211; 18:00<\/span><\/p>\n<\/div><div class=\"fusion-text fusion-text-3 contacts-container\"><h4>Beja<\/h4>\n<p><i class=\"fas fa-phone\" style=\"color: #1191e7;\"><\/i> <a href=\"tel:+351284312510\">(+351) 284 312 510*<\/a> (*National Landline Call)<\/p>\n<p><i class=\"fas fa-envelope-open-text\" style=\"color: #1191e7;\"><\/i><a href=\"mailto:comercial@algardata.pt\"><span style=\"font-size: 16px; line-height: 4px;\" data-fusion-font=\"true\"> comercial@algardata.pt<\/span><\/a><\/p>\n<p><i class=\"fas fa-building\" style=\"color: #1191e7;\"><\/i> <a href=\"https:\/\/www.google.com\/maps\/place\/Allconnect+Beja\/@38.0061407,-7.8541418,21z\/data=!4m8!1m2!2m1!1sRua+Aristides+de+Sousa+Mendes,+Beja!3m4!1s0x0:0xcce1749d0b104d74!8m2!3d38.0062032!4d-7.8540867\">Rua Aristides de Sousa Mendes n\u00ba 3, R\/C Esq. 7800-591 Beja<\/a><\/p>\n<p><i class=\"fas fa-clock\" style=\"color: #1191e7;\"><\/i><span style=\"font-size: 16px; line-height: 4px;\" data-fusion-font=\"true\"> Seg. a Sex das 9:00 &#8211; 13:00 | 14:00 &#8211; 18:00<\/span><\/p>\n<\/div><div class=\"fusion-text fusion-text-4 contacts-container\"><h4>Portim\u00e3o<\/h4>\n<p><i class=\"fas fa-phone\" style=\"color: #1191e7;\"><\/i> <a href=\"tel:+351289300180\">(+351) 289 300 180*<\/a> (*National Landline Call)<\/p>\n<p><i class=\"fas fa-envelope-open-text\" style=\"color: #1191e7;\"><\/i><a href=\"mailto:comercial@algardata.pt\"><span style=\"font-size: 16px; line-height: 4px;\" data-fusion-font=\"true\"> comercial@algardata.pt<\/span><\/a><\/p>\n<p><i class=\"fas fa-clock\" style=\"color: #1191e7;\"><\/i><span style=\"font-size: 16px; line-height: 4px;\" data-fusion-font=\"true\"> Seg. a Sex das 9:00 &#8211; 13:00 | 14:00 &#8211; 18:00<\/span><\/p>\n<\/div><\/div><style type=\"text\/css\">.fusion-body .fusion-builder-column-0{width:50% !important;margin-top : 0px;margin-bottom : 0px;}.fusion-builder-column-0 > .fusion-column-wrapper {padding-top : 0 !important;padding-right : 0 !important;margin-right : 24px;padding-bottom : 0 !important;padding-left : 0 !important;margin-left : 0;}@media only screen and (max-width:1024px) {.fusion-body .fusion-builder-column-0{width:100% !important;order : 0;margin-top : 0;margin-bottom : 48px;}.fusion-builder-column-0 > .fusion-column-wrapper {margin-right : 1.92%;margin-left : 1.92%;}}@media only screen and (max-width:640px) {.fusion-body .fusion-builder-column-0{width:100% !important;order : 0;margin-top : 0;margin-bottom : 48px;}.fusion-builder-column-0 > .fusion-column-wrapper {margin-right : 1.92%;margin-left : 1.92%;}}<\/style><\/div><\/div><style type=\"text\/css\">.fusion-body .fusion-flex-container.fusion-builder-row-1{ padding-top : 0px;margin-top : 160px;padding-right : 48px;padding-bottom : 0px;margin-bottom : 160px;padding-left : 48px;}@media only screen and (max-width:1024px) {.fusion-body .fusion-flex-container.fusion-builder-row-1{ margin-top : 80px;padding-right : 16px;margin-bottom : 80px;padding-left : 16px;}}@media only screen and (max-width:640px) {.fusion-body .fusion-flex-container.fusion-builder-row-1{ margin-top : 80px;margin-bottom : 80px;}}<\/style><\/div><div class=\"fusion-fullwidth fullwidth-box fusion-builder-row-2 fusion-flex-container nonhundred-percent-fullwidth non-hundred-percent-height-scrolling\" style=\"background-color: #ffffff;background-position: center center;background-repeat: no-repeat;border-width: 0px 0px 0px 0px;border-color:#eae9e9;border-style:solid;\" ><div class=\"fusion-builder-row fusion-row fusion-flex-align-items-stretch\" style=\"max-width:1331.2px;margin-left: calc(-4% \/ 2 );margin-right: calc(-4% \/ 2 );\"><div class=\"fusion-layout-column fusion_builder_column fusion-builder-column-1 fusion_builder_column_1_2 1_2 fusion-flex-column\"><div class=\"fusion-column-wrapper fusion-flex-justify-content-center fusion-content-layout-column\" style=\"background-position:left top;background-repeat:no-repeat;-webkit-background-size:cover;-moz-background-size:cover;-o-background-size:cover;background-size:cover;padding: 0px 0px 0px 0px;\"><div style=\"text-align:center;\"><span class=\" fusion-imageframe imageframe-none imageframe-1 hover-type-none\"><img decoding=\"async\" width=\"1080\" height=\"1080\" alt=\"Algardata Branding ilustra\u00e7\u00e3o icone algardata geral coloring12 19 1\" title=\"Algardata Branding ilustra\u00e7\u00e3o icone algardata geral coloring12 19 1\" src=\"https:\/\/old.algardata.com\/wp-content\/uploads\/2020\/07\/Algardata_Branding_ilustra\u00e7\u00e3o_icone_algardata_geral_coloring12_19-1.png\" data-orig-src=\"https:\/\/old.algardata.com\/wp-content\/uploads\/2020\/07\/Algardata_Branding_ilustra\u00e7\u00e3o_icone_algardata_geral_coloring12_19-1-1080x1080.png\" class=\"lazyload img-responsive wp-image-8694\" srcset=\"data:image\/svg+xml,%3Csvg%20xmlns%3D%27http%3A%2F%2Fwww.w3.org%2F2000%2Fsvg%27%20width%3D%273312%27%20height%3D%273312%27%20viewBox%3D%270%200%203312%203312%27%3E%3Crect%20width%3D%273312%27%20height%3D%273312%27%20fill-opacity%3D%220%22%2F%3E%3C%2Fsvg%3E\" data-srcset=\"https:\/\/old.algardata.com\/wp-content\/uploads\/2020\/07\/Algardata_Branding_ilustra\u00e7\u00e3o_icone_algardata_geral_coloring12_19-1-200x200.png 200w, https:\/\/old.algardata.com\/wp-content\/uploads\/2020\/07\/Algardata_Branding_ilustra\u00e7\u00e3o_icone_algardata_geral_coloring12_19-1-400x400.png 400w, https:\/\/old.algardata.com\/wp-content\/uploads\/2020\/07\/Algardata_Branding_ilustra\u00e7\u00e3o_icone_algardata_geral_coloring12_19-1-600x600.png 600w, https:\/\/old.algardata.com\/wp-content\/uploads\/2020\/07\/Algardata_Branding_ilustra\u00e7\u00e3o_icone_algardata_geral_coloring12_19-1-800x800.png 800w, https:\/\/old.algardata.com\/wp-content\/uploads\/2020\/07\/Algardata_Branding_ilustra\u00e7\u00e3o_icone_algardata_geral_coloring12_19-1-1200x1200.png 1200w\" data-sizes=\"auto\" data-orig-sizes=\"(max-width: 1024px) 100vw, (max-width: 640px) 100vw, 600px\" \/><\/span><\/div><\/div><style type=\"text\/css\">.fusion-body .fusion-builder-column-1{width:50% !important;margin-top : 0px;margin-bottom : 0px;}.fusion-builder-column-1 > .fusion-column-wrapper {padding-top : 0px !important;padding-right : 0px !important;margin-right : 128px;padding-bottom : 0px !important;padding-left : 0px !important;margin-left : 0;}@media only screen and (max-width:1024px) {.fusion-body .fusion-builder-column-1{width:100% !important;order : 0;margin-top : 0;margin-bottom : 24px;}.fusion-builder-column-1 > .fusion-column-wrapper {margin-right : 1.92%;margin-left : 1.92%;}}@media only screen and (max-width:640px) {.fusion-body .fusion-builder-column-1{width:100% !important;order : 0;margin-top : 0;margin-bottom : 24px;}.fusion-builder-column-1 > .fusion-column-wrapper {margin-right : 1.92%;margin-left : 1.92%;}}<\/style><\/div><div class=\"fusion-layout-column fusion_builder_column fusion-builder-column-2 fusion_builder_column_1_2 1_2 fusion-flex-column\"><div class=\"fusion-column-wrapper fusion-flex-justify-content-center fusion-content-layout-column\" style=\"background-position:left top;background-repeat:no-repeat;-webkit-background-size:cover;-moz-background-size:cover;-o-background-size:cover;background-size:cover;padding: 0px 0px 0px 0px;\"><style type=\"text\/css\">@media only screen and (max-width:1024px) {.fusion-title.fusion-title-2{margin-top:10px!important; margin-right:0px!important;margin-bottom:48px!important;margin-left:0px!important;}}@media only screen and (max-width:640px) {.fusion-title.fusion-title-2{margin-top:10px!important; margin-right:0px!important;margin-bottom:10px!important; margin-left:0px!important;}}<\/style><div class=\"fusion-title title fusion-title-2 fusion-sep-none fusion-title-text fusion-title-size-two\" style=\"margin-top:10px;margin-right:0px;margin-bottom:48px;margin-left:0px;\"><h2 class=\"title-heading-left fusion-responsive-typography-calculated\" style=\"margin:0;color:#7f96ab;--fontSize:24;line-height:1.33;\">Do you need more information about our products and services? Fill out the form and we will contact you.<\/h2><\/div><\/div><style type=\"text\/css\">.fusion-body .fusion-builder-column-2{width:50% !important;margin-top : 0px;margin-bottom : 0px;}.fusion-builder-column-2 > .fusion-column-wrapper {padding-top : 0px !important;padding-right : 0px !important;margin-right : 0;padding-bottom : 0px !important;padding-left : 0px !important;margin-left : 0;}@media only screen and (max-width:1024px) {.fusion-body .fusion-builder-column-2{width:100% !important;order : 0;margin-top : 0;margin-bottom : 0;}.fusion-builder-column-2 > .fusion-column-wrapper {margin-right : 1.92%;margin-left : 1.92%;}}@media only screen and (max-width:640px) {.fusion-body .fusion-builder-column-2{width:100% !important;order : 0;margin-top : 0;margin-bottom : 0px;}.fusion-builder-column-2 > .fusion-column-wrapper {margin-right : 1.92%;margin-left : 1.92%;}}<\/style><\/div><\/div><style type=\"text\/css\">.fusion-body .fusion-flex-container.fusion-builder-row-2{ padding-top : 0px;margin-top : 0;padding-right : 48px;padding-bottom : 0px;margin-bottom : 160px;padding-left : 48px;}@media only screen and (max-width:1024px) {.fusion-body .fusion-flex-container.fusion-builder-row-2{ margin-top : 0;padding-right : 16px;margin-bottom : 80px;padding-left : 16px;}}@media only screen and (max-width:640px) {.fusion-body .fusion-flex-container.fusion-builder-row-2{ margin-top : 0;margin-bottom : 80px;}}<\/style><\/div><\/p>\n","protected":false},"excerpt":{"rendered":"","protected":false},"author":6,"featured_media":0,"parent":0,"menu_order":0,"comment_status":"closed","ping_status":"closed","template":"100-width.php","meta":{"inline_featured_image":false},"acf":[],"yoast_head":"<!-- This site is optimized with the Yoast SEO plugin v20.4 - https:\/\/yoast.com\/wordpress\/plugins\/seo\/ -->\n<title>Contactos - Algardata \u2013 We are technology. Business technology.<\/title>\n<meta name=\"description\" content=\"Do you need to talk to us, clarify doubts or get to know our solutions better? Contact us (+351) 289 300 180.\" \/>\n<meta name=\"robots\" content=\"noindex, follow, max-snippet:-1, max-image-preview:large, max-video-preview:-1\" \/>\n<meta property=\"og:locale\" content=\"en_US\" \/>\n<meta property=\"og:type\" content=\"article\" \/>\n<meta property=\"og:title\" content=\"Contactos - Algardata \u2013 We are technology. Business technology.\" \/>\n<meta property=\"og:description\" content=\"Do you need to talk to us, clarify doubts or get to know our solutions better? Contact us (+351) 289 300 180.\" \/>\n<meta property=\"og:url\" content=\"https:\/\/old.algardata.com\/en\/contacts\/\" \/>\n<meta property=\"og:site_name\" content=\"Algardata \u2013 We are technology. Business technology.\" \/>\n<meta property=\"article:publisher\" content=\"https:\/\/www.facebook.com\/Algardata-113166512044312\/\" \/>\n<meta property=\"article:modified_time\" content=\"2023-04-03T14:47:45+00:00\" \/>\n<meta property=\"og:image\" content=\"https:\/\/old.algardata.com\/wp-content\/uploads\/2020\/08\/OG_geral_08_20.jpg\" \/>\n\t<meta property=\"og:image:width\" content=\"1200\" \/>\n\t<meta property=\"og:image:height\" content=\"630\" \/>\n\t<meta property=\"og:image:type\" content=\"image\/jpeg\" \/>\n<meta name=\"twitter:card\" content=\"summary_large_image\" \/>\n<meta name=\"twitter:site\" content=\"@algardata\" \/>\n<meta name=\"twitter:label1\" content=\"Est. reading time\" \/>\n\t<meta name=\"twitter:data1\" content=\"5 minutes\" \/>\n<script type=\"application\/ld+json\" class=\"yoast-schema-graph\">{\"@context\":\"https:\/\/schema.org\",\"@graph\":[{\"@type\":\"WebPage\",\"@id\":\"https:\/\/old.algardata.com\/en\/contacts\/\",\"url\":\"https:\/\/old.algardata.com\/en\/contacts\/\",\"name\":\"Contactos - Algardata \u2013 We are technology. Business technology.\",\"isPartOf\":{\"@id\":\"https:\/\/old.algardata.com\/#website\"},\"datePublished\":\"2020-04-21T15:34:52+00:00\",\"dateModified\":\"2023-04-03T14:47:45+00:00\",\"description\":\"Do you need to talk to us, clarify doubts or get to know our solutions better? Contact us (+351) 289 300 180.\",\"breadcrumb\":{\"@id\":\"https:\/\/old.algardata.com\/en\/contacts\/#breadcrumb\"},\"inLanguage\":\"en-US\",\"potentialAction\":[{\"@type\":\"ReadAction\",\"target\":[\"https:\/\/old.algardata.com\/en\/contacts\/\"]}]},{\"@type\":\"BreadcrumbList\",\"@id\":\"https:\/\/old.algardata.com\/en\/contacts\/#breadcrumb\",\"itemListElement\":[{\"@type\":\"ListItem\",\"position\":1,\"name\":\"Home\",\"item\":\"https:\/\/old.algardata.com\/en\/\"},{\"@type\":\"ListItem\",\"position\":2,\"name\":\"Contacts\"}]},{\"@type\":\"WebSite\",\"@id\":\"https:\/\/old.algardata.com\/#website\",\"url\":\"https:\/\/old.algardata.com\/\",\"name\":\"Algardata \u2013 We are technology. Business technology.\",\"description\":\"Na Algardata gostamos de ver crescer o neg\u00f3cio dos nossos clientes. As tecnologias s\u00e3o o meio pelo qual procuramos satisfazer as suas necessidades e objetivos.\",\"publisher\":{\"@id\":\"https:\/\/old.algardata.com\/#organization\"},\"potentialAction\":[{\"@type\":\"SearchAction\",\"target\":{\"@type\":\"EntryPoint\",\"urlTemplate\":\"https:\/\/old.algardata.com\/?s={search_term_string}\"},\"query-input\":\"required name=search_term_string\"}],\"inLanguage\":\"en-US\"},{\"@type\":\"Organization\",\"@id\":\"https:\/\/old.algardata.com\/#organization\",\"name\":\"Algardata - Sistemas Inform\u00e1ticos SA\",\"url\":\"https:\/\/old.algardata.com\/\",\"logo\":{\"@type\":\"ImageObject\",\"inLanguage\":\"en-US\",\"@id\":\"https:\/\/old.algardata.com\/#\/schema\/logo\/image\/\",\"url\":\"https:\/\/old.algardata.com\/wp-content\/uploads\/2020\/04\/Logo_algardata.png\",\"contentUrl\":\"https:\/\/old.algardata.com\/wp-content\/uploads\/2020\/04\/Logo_algardata.png\",\"width\":250,\"height\":62,\"caption\":\"Algardata - Sistemas Inform\u00e1ticos SA\"},\"image\":{\"@id\":\"https:\/\/old.algardata.com\/#\/schema\/logo\/image\/\"},\"sameAs\":[\"https:\/\/www.facebook.com\/Algardata-113166512044312\/\",\"https:\/\/twitter.com\/algardata\"]}]}<\/script>\n<!-- \/ Yoast SEO plugin. -->","yoast_head_json":{"title":"Contactos - Algardata \u2013 We are technology. Business technology.","description":"Do you need to talk to us, clarify doubts or get to know our solutions better? Contact us (+351) 289 300 180.","robots":{"index":"noindex","follow":"follow","max-snippet":"max-snippet:-1","max-image-preview":"max-image-preview:large","max-video-preview":"max-video-preview:-1"},"og_locale":"en_US","og_type":"article","og_title":"Contactos - Algardata \u2013 We are technology. Business technology.","og_description":"Do you need to talk to us, clarify doubts or get to know our solutions better? Contact us (+351) 289 300 180.","og_url":"https:\/\/old.algardata.com\/en\/contacts\/","og_site_name":"Algardata \u2013 We are technology. Business technology.","article_publisher":"https:\/\/www.facebook.com\/Algardata-113166512044312\/","article_modified_time":"2023-04-03T14:47:45+00:00","og_image":[{"width":1200,"height":630,"url":"https:\/\/old.algardata.com\/wp-content\/uploads\/2020\/08\/OG_geral_08_20.jpg","type":"image\/jpeg"}],"twitter_card":"summary_large_image","twitter_site":"@algardata","twitter_misc":{"Est. reading time":"5 minutes"},"schema":{"@context":"https:\/\/schema.org","@graph":[{"@type":"WebPage","@id":"https:\/\/old.algardata.com\/en\/contacts\/","url":"https:\/\/old.algardata.com\/en\/contacts\/","name":"Contactos - Algardata \u2013 We are technology. Business technology.","isPartOf":{"@id":"https:\/\/old.algardata.com\/#website"},"datePublished":"2020-04-21T15:34:52+00:00","dateModified":"2023-04-03T14:47:45+00:00","description":"Do you need to talk to us, clarify doubts or get to know our solutions better? Contact us (+351) 289 300 180.","breadcrumb":{"@id":"https:\/\/old.algardata.com\/en\/contacts\/#breadcrumb"},"inLanguage":"en-US","potentialAction":[{"@type":"ReadAction","target":["https:\/\/old.algardata.com\/en\/contacts\/"]}]},{"@type":"BreadcrumbList","@id":"https:\/\/old.algardata.com\/en\/contacts\/#breadcrumb","itemListElement":[{"@type":"ListItem","position":1,"name":"Home","item":"https:\/\/old.algardata.com\/en\/"},{"@type":"ListItem","position":2,"name":"Contacts"}]},{"@type":"WebSite","@id":"https:\/\/old.algardata.com\/#website","url":"https:\/\/old.algardata.com\/","name":"Algardata \u2013 We are technology. Business technology.","description":"Na Algardata gostamos de ver crescer o neg\u00f3cio dos nossos clientes. As tecnologias s\u00e3o o meio pelo qual procuramos satisfazer as suas necessidades e objetivos.","publisher":{"@id":"https:\/\/old.algardata.com\/#organization"},"potentialAction":[{"@type":"SearchAction","target":{"@type":"EntryPoint","urlTemplate":"https:\/\/old.algardata.com\/?s={search_term_string}"},"query-input":"required name=search_term_string"}],"inLanguage":"en-US"},{"@type":"Organization","@id":"https:\/\/old.algardata.com\/#organization","name":"Algardata - Sistemas Inform\u00e1ticos SA","url":"https:\/\/old.algardata.com\/","logo":{"@type":"ImageObject","inLanguage":"en-US","@id":"https:\/\/old.algardata.com\/#\/schema\/logo\/image\/","url":"https:\/\/old.algardata.com\/wp-content\/uploads\/2020\/04\/Logo_algardata.png","contentUrl":"https:\/\/old.algardata.com\/wp-content\/uploads\/2020\/04\/Logo_algardata.png","width":250,"height":62,"caption":"Algardata - Sistemas Inform\u00e1ticos SA"},"image":{"@id":"https:\/\/old.algardata.com\/#\/schema\/logo\/image\/"},"sameAs":["https:\/\/www.facebook.com\/Algardata-113166512044312\/","https:\/\/twitter.com\/algardata"]}]}},"_links":{"self":[{"href":"https:\/\/old.algardata.com\/en\/wp-json\/wp\/v2\/pages\/17344"}],"collection":[{"href":"https:\/\/old.algardata.com\/en\/wp-json\/wp\/v2\/pages"}],"about":[{"href":"https:\/\/old.algardata.com\/en\/wp-json\/wp\/v2\/types\/page"}],"author":[{"embeddable":true,"href":"https:\/\/old.algardata.com\/en\/wp-json\/wp\/v2\/users\/6"}],"replies":[{"embeddable":true,"href":"https:\/\/old.algardata.com\/en\/wp-json\/wp\/v2\/comments?post=17344"}],"version-history":[{"count":8,"href":"https:\/\/old.algardata.com\/en\/wp-json\/wp\/v2\/pages\/17344\/revisions"}],"predecessor-version":[{"id":22537,"href":"https:\/\/old.algardata.com\/en\/wp-json\/wp\/v2\/pages\/17344\/revisions\/22537"}],"wp:attachment":[{"href":"https:\/\/old.algardata.com\/en\/wp-json\/wp\/v2\/media?parent=17344"}],"curies":[{"name":"wp","href":"https:\/\/api.w.org\/{rel}","templated":true}]}}