{"id":16090,"date":"2020-08-21T11:15:48","date_gmt":"2020-08-21T11:15:48","guid":{"rendered":"https:\/\/www.algardata.com\/contrato-de-soporte-tecnico\/"},"modified":"2020-12-17T09:39:04","modified_gmt":"2020-12-17T09:39:04","slug":"contrato-de-soporte-tecnico-form","status":"publish","type":"page","link":"https:\/\/old.algardata.com\/es\/contrato-de-soporte-tecnico-form\/","title":{"rendered":"Contrato de soporte t\u00e9cnico"},"content":{"rendered":"<div class=\"fusion-fullwidth fullwidth-box fusion-builder-row-1 fusion-flex-container nonhundred-percent-fullwidth non-hundred-percent-height-scrolling\" style=\"background-color: #ffffff;background-position: center center;background-repeat: no-repeat;border-width: 0px 0px 0px 0px;border-color:#eae9e9;border-style:solid;\" ><div class=\"fusion-builder-row fusion-row fusion-flex-align-items-flex-start\" style=\"max-width:1331.2px;margin-left: calc(-4% \/ 2 );margin-right: calc(-4% \/ 2 );\"><div class=\"fusion-layout-column fusion_builder_column fusion-builder-column-0 fusion_builder_column_1_2 1_2 fusion-flex-column\"><div class=\"fusion-column-wrapper fusion-flex-justify-content-flex-start fusion-content-layout-column\" style=\"background-position:left top;background-repeat:no-repeat;-webkit-background-size:cover;-moz-background-size:cover;-o-background-size:cover;background-size:cover;padding: 0px 0px 0px 0px;\"><style type=\"text\/css\">@media only screen and (max-width:1024px) {.fusion-title.fusion-title-1{margin-top:0px!important;margin-right:!important;margin-bottom:12px!important; margin-left:!important;}}@media only screen and (max-width:640px) {.fusion-title.fusion-title-1{margin-top:0px!important; margin-right:0px!important;margin-bottom:12px!important; margin-left:0px!important;}}<\/style><div class=\"fusion-title title fusion-title-1 fusion-sep-none fusion-title-text fusion-title-size-one\" style=\"margin-top:0px;margin-right:0px;margin-bottom:24px;margin-left:0px;\"><h1 class=\"title-heading-left fusion-responsive-typography-calculated\" style=\"margin:0;--fontSize:48;line-height:1.21;\">\u00bfC\u00f3mo podemos ayudar?<\/h1><\/div><div class=\"fusion-text fusion-text-1\"><p>Porque su empresa no puede parar, tenemos un equipo t\u00e9cnico siempre dispuesto a ayudar! <\/p>\n<p>Los Contratos de Soporte de Algardata le permiten obtener una vigilancia diaria y acceso a las \u00faltimas versiones del producto, siguiendo as\u00ed su evoluci\u00f3n. Nuestro equipo de apoyo est\u00e1 compuesto por colaboradores certificados en las soluciones implementadas, contando con el equipamiento de asistencia t\u00e9cnica m\u00e1s sofisticado. <\/p>\n<p>Cada Contrato de Soporte se desarrolla teniendo en cuenta las necesidades espec\u00edficas de cada cliente.<\/p>\n<\/div>  <img id=\"servc\" width=\"1200\" image_height=\"630\" image_id=\"11155\" title=\"OG_helpdesk_TEST_08_20\" src=\"https:\/\/www.algardata.com\/wp-content\/uploads\/2020\/08\/OG_helpdesk_TEST_08_20.jpg\" class=\"br-8 img-responsive wp-image-11157 lazyautosizes lazyloaded\"><\/div><style type=\"text\/css\">.fusion-body .fusion-builder-column-0{width:50% !important;margin-top : 0px;margin-bottom : 0px;}.fusion-builder-column-0 > .fusion-column-wrapper {padding-top : 0px !important;padding-right : 0px !important;margin-right : 128px;padding-bottom : 0px !important;padding-left : 0px !important;margin-left : 0;}@media only screen and (max-width:1024px) {.fusion-body .fusion-builder-column-0{width:100% !important;order : 0;margin-top : 0;margin-bottom : 48px;}.fusion-builder-column-0 > .fusion-column-wrapper {margin-right : 1.92%;margin-left : 1.92%;}}@media only screen and (max-width:640px) {.fusion-body .fusion-builder-column-0{width:100% !important;order : 0;margin-top : 0;margin-bottom : 48px;}.fusion-builder-column-0 > .fusion-column-wrapper {margin-right : 1.92%;margin-left : 1.92%;}}<\/style><\/div><div class=\"fusion-layout-column fusion_builder_column fusion-builder-column-1 fusion_builder_column_1_2 1_2 fusion-flex-column\"><div class=\"fusion-column-wrapper fusion-flex-justify-content-flex-start fusion-content-layout-column\" style=\"background-position:left top;background-repeat:no-repeat;-webkit-background-size:cover;-moz-background-size:cover;-o-background-size:cover;background-size:cover;padding: 0px 0px 0px 0px;\"><style type=\"text\/css\">@media only screen and (max-width:1024px) {.fusion-title.fusion-title-2{margin-top:!important;margin-right:!important;margin-bottom:24px!important; margin-left:!important;}}@media only screen and (max-width:640px) {.fusion-title.fusion-title-2{margin-top:10px!important; margin-right:0px!important;margin-bottom:24px!important; margin-left:0px!important;}}<\/style><div class=\"fusion-title title fusion-title-2 fusion-sep-none fusion-title-text fusion-title-size-two\" style=\"font-size:32px;margin-top:0px;margin-right:0px;margin-bottom:48px;margin-left:0px;\"><h2 class=\"title-heading-left fusion-responsive-typography-calculated\" style=\"margin:0;font-size:1em;color:#1191e7;--fontSize:32;line-height:1.25;\">\u00bfListo para hacer una solicitud de Soporte?<\/h2><\/div>\n<div class=\"wpcf7 no-js\" id=\"wpcf7-f16357-o1\" lang=\"es-ES\" dir=\"ltr\">\n<div class=\"screen-reader-response\"><p role=\"status\" aria-live=\"polite\" aria-atomic=\"true\"><\/p> <ul><\/ul><\/div>\n<form action=\"\/es\/wp-json\/wp\/v2\/pages\/16090#wpcf7-f16357-o1\" method=\"post\" class=\"wpcf7-form init\" aria-label=\"Formulario de contacto\" novalidate=\"novalidate\" data-status=\"init\">\n<div style=\"display: none;\">\n<input type=\"hidden\" name=\"_wpcf7\" value=\"16357\" \/>\n<input type=\"hidden\" name=\"_wpcf7_version\" value=\"5.8.5\" \/>\n<input type=\"hidden\" name=\"_wpcf7_locale\" value=\"es_ES\" \/>\n<input type=\"hidden\" name=\"_wpcf7_unit_tag\" value=\"wpcf7-f16357-o1\" \/>\n<input type=\"hidden\" name=\"_wpcf7_container_post\" value=\"0\" \/>\n<input type=\"hidden\" name=\"_wpcf7_posted_data_hash\" value=\"\" \/>\n<input type=\"hidden\" name=\"_wpcf7cf_hidden_group_fields\" value=\"[]\" \/>\n<input type=\"hidden\" name=\"_wpcf7cf_hidden_groups\" value=\"[]\" \/>\n<input type=\"hidden\" name=\"_wpcf7cf_visible_groups\" value=\"[]\" \/>\n<input type=\"hidden\" name=\"_wpcf7cf_repeaters\" value=\"[]\" \/>\n<input type=\"hidden\" name=\"_wpcf7cf_steps\" value=\"{}\" \/>\n<input type=\"hidden\" name=\"_wpcf7cf_options\" value=\"{&quot;form_id&quot;:16357,&quot;conditions&quot;:[],&quot;settings&quot;:{&quot;animation&quot;:&quot;yes&quot;,&quot;animation_intime&quot;:200,&quot;animation_outtime&quot;:200,&quot;conditions_ui&quot;:&quot;normal&quot;,&quot;notice_dismissed&quot;:false}}\" \/>\n<\/div>\n<div data-id=\"servico\" data-orig_data_id=\"servico\"  data-class=\"wpcf7cf_group\">\n\t<p><label>Solucion\/Servicio<\/label><br \/>\n<span class=\"wpcf7-form-control-wrap\" data-name=\"servico\"><input size=\"40\" class=\"wpcf7-form-control wpcf7-text wpcf7-validates-as-required\" readonly=\"readonly\" aria-required=\"true\" aria-invalid=\"false\" value=\"Servi\u00e7o\" type=\"text\" name=\"servico\" \/><\/span>\n\t<\/p>\n<\/div>\n<div data-id=\"link_websites\" data-orig_data_id=\"link_websites\"  data-class=\"wpcf7cf_group\">\n\t<p><label>Link do website <span style=\"color:#1191e7;\">*<\/span><\/label><br \/>\n<span class=\"wpcf7-form-control-wrap\" data-name=\"link\"><input size=\"40\" class=\"wpcf7-form-control wpcf7-text wpcf7-validates-as-required\" aria-required=\"true\" aria-invalid=\"false\" value=\"\" type=\"text\" name=\"link\" \/><\/span>\n\t<\/p>\n<\/div>\n<div data-id=\"link_apps\" data-orig_data_id=\"link_apps\"  data-class=\"wpcf7cf_group\">\n\t<p><label>Link da app (Play Store ou App Store)<span style=\"color:#1191e7;\">*<\/span><\/label><br \/>\n<span class=\"wpcf7-form-control-wrap\" data-name=\"link_app\"><input size=\"40\" class=\"wpcf7-form-control wpcf7-text wpcf7-validates-as-required\" aria-required=\"true\" aria-invalid=\"false\" value=\"\" type=\"text\" name=\"link_app\" \/><\/span>\n\t<\/p>\n<\/div>\n<div data-id=\"servico\" data-orig_data_id=\"servico\"  data-class=\"wpcf7cf_group\">\n\t<p><label>Contrato de Soporte para <span style=\"color:#1191e7;\">*<\/span><\/label><br \/>\n<span class=\"wpcf7-form-control-wrap\" data-name=\"contratodesuporte\"><select class=\"wpcf7-form-control wpcf7-select\" aria-invalid=\"false\" name=\"contratodesuporte\"><option value=\"\">Selecione o tipo de suporte<\/option><option value=\"Mensal\">Mensal<\/option><option value=\"Anual\">Anual<\/option><option value=\"Bianual\">Bianual<\/option><option value=\"Personalizado\">Personalizado<\/option><\/select><\/span>\n\t<\/p>\n<\/div>\n<p><label>Nombre <span style=\"color:#1191e7;\">*<\/span><\/label><br \/>\n<span class=\"wpcf7-form-control-wrap\" data-name=\"nome\"><input size=\"40\" class=\"wpcf7-form-control wpcf7-text wpcf7-validates-as-required\" aria-required=\"true\" aria-invalid=\"false\" value=\"\" type=\"text\" name=\"nome\" \/><\/span>\n<\/p>\n<p><label> Direcci\u00f3n de email profesional<span style=\"color:#1191e7;\">*<\/span><\/label><br \/>\n<span class=\"wpcf7-form-control-wrap\" data-name=\"your-email\"><input size=\"40\" class=\"wpcf7-form-control wpcf7-email wpcf7-validates-as-required wpcf7-text wpcf7-validates-as-email\" aria-required=\"true\" aria-invalid=\"false\" value=\"\" type=\"email\" name=\"your-email\" \/><\/span>\n<\/p>\n<p><label> N\u00famero de tel\u00e9fono <span style=\"color:#1191e7;\">*<\/span><\/label><br \/>\n<span class=\"wpcf7-form-control-wrap\" data-name=\"tel-contacto\"><input size=\"40\" class=\"wpcf7-form-control wpcf7-tel wpcf7-validates-as-required wpcf7-text wpcf7-validates-as-tel\" aria-required=\"true\" aria-invalid=\"false\" value=\"\" type=\"tel\" name=\"tel-contacto\" \/><\/span>\n<\/p>\n<p><input class=\"wpcf7-form-control wpcf7-submit has-spinner pillform\" type=\"submit\" value=\"Enviar pedido\" \/>\n<\/p><div class=\"fusion-alert alert custom alert-custom fusion-alert-center wpcf7-response-output alert-dismissable\" style=\"border-width:1px;\"><button type=\"button\" class=\"close toggle-alert\" data-dismiss=\"alert\" aria-label=\"Close\">&times;<\/button><div class=\"fusion-alert-content-wrapper\"><span class=\"fusion-alert-content\"><\/span><\/div><\/div>\n<\/form>\n<\/div>\n<\/div><style type=\"text\/css\">.fusion-body .fusion-builder-column-1{width:50% !important;margin-top : 0px;margin-bottom : 0px;}.fusion-builder-column-1 > .fusion-column-wrapper {padding-top : 0px !important;padding-right : 0px !important;margin-right : 0;padding-bottom : 0px !important;padding-left : 0px !important;margin-left : 0;}@media only screen and (max-width:1024px) {.fusion-body .fusion-builder-column-1{width:100% !important;order : 0;margin-top : 0;margin-bottom : 0;}.fusion-builder-column-1 > .fusion-column-wrapper {margin-right : 1.92%;margin-left : 1.92%;}}@media only screen and (max-width:640px) {.fusion-body .fusion-builder-column-1{width:100% !important;order : 0;margin-top : 0;margin-bottom : 0;}.fusion-builder-column-1 > .fusion-column-wrapper {margin-right : 1.92%;margin-left : 1.92%;}}<\/style><\/div><\/div><style type=\"text\/css\">.fusion-body .fusion-flex-container.fusion-builder-row-1{ padding-top : 0px;margin-top : 160px;padding-right : 48px;padding-bottom : 0px;margin-bottom : 140px;padding-left : 48px;}@media only screen and (max-width:1024px) {.fusion-body .fusion-flex-container.fusion-builder-row-1{ margin-top : 80px;padding-right : 16px;margin-bottom : 70px;padding-left : 16px;}}@media only screen and (max-width:640px) {.fusion-body .fusion-flex-container.fusion-builder-row-1{ margin-top : 80px;margin-bottom : 70px;}}<\/style><\/div>\n","protected":false},"excerpt":{"rendered":"","protected":false},"author":6,"featured_media":11157,"parent":0,"menu_order":0,"comment_status":"closed","ping_status":"closed","template":"100-width.php","meta":{"inline_featured_image":false},"acf":[],"yoast_head":"<!-- This site is optimized with the Yoast SEO plugin v20.4 - https:\/\/yoast.com\/wordpress\/plugins\/seo\/ -->\n<title>Contrato de soporte t\u00e9cnico - Algardata \u2013 We are technology. Business technology.<\/title>\n<meta name=\"robots\" content=\"noindex, follow, max-snippet:-1, max-image-preview:large, max-video-preview:-1\" \/>\n<meta property=\"og:locale\" content=\"es_ES\" \/>\n<meta property=\"og:type\" content=\"article\" \/>\n<meta property=\"og:title\" content=\"Contrato de soporte t\u00e9cnico - Algardata \u2013 We are technology. Business technology.\" \/>\n<meta property=\"og:url\" content=\"https:\/\/old.algardata.com\/es\/contrato-de-soporte-tecnico-form\/\" \/>\n<meta property=\"og:site_name\" content=\"Algardata \u2013 We are technology. Business technology.\" \/>\n<meta property=\"article:publisher\" content=\"https:\/\/www.facebook.com\/Algardata-113166512044312\/\" \/>\n<meta property=\"article:modified_time\" content=\"2020-12-17T09:39:04+00:00\" \/>\n<meta property=\"og:image\" content=\"https:\/\/old.algardata.com\/wp-content\/uploads\/2020\/08\/OG_helpdesk_TEST_08_20.jpg\" \/>\n\t<meta property=\"og:image:width\" content=\"1200\" \/>\n\t<meta property=\"og:image:height\" content=\"630\" \/>\n\t<meta property=\"og:image:type\" content=\"image\/jpeg\" \/>\n<meta name=\"twitter:card\" content=\"summary_large_image\" \/>\n<meta name=\"twitter:site\" content=\"@algardata\" \/>\n<meta name=\"twitter:label1\" content=\"Tiempo de lectura\" \/>\n\t<meta name=\"twitter:data1\" content=\"7 minutos\" \/>\n<script type=\"application\/ld+json\" class=\"yoast-schema-graph\">{\"@context\":\"https:\/\/schema.org\",\"@graph\":[{\"@type\":\"WebPage\",\"@id\":\"https:\/\/old.algardata.com\/es\/contrato-de-soporte-tecnico-form\/\",\"url\":\"https:\/\/old.algardata.com\/es\/contrato-de-soporte-tecnico-form\/\",\"name\":\"Contrato de soporte t\u00e9cnico - Algardata \u2013 We are technology. Business technology.\",\"isPartOf\":{\"@id\":\"https:\/\/old.algardata.com\/#website\"},\"datePublished\":\"2020-08-21T11:15:48+00:00\",\"dateModified\":\"2020-12-17T09:39:04+00:00\",\"breadcrumb\":{\"@id\":\"https:\/\/old.algardata.com\/es\/contrato-de-soporte-tecnico-form\/#breadcrumb\"},\"inLanguage\":\"es\",\"potentialAction\":[{\"@type\":\"ReadAction\",\"target\":[\"https:\/\/old.algardata.com\/es\/contrato-de-soporte-tecnico-form\/\"]}]},{\"@type\":\"BreadcrumbList\",\"@id\":\"https:\/\/old.algardata.com\/es\/contrato-de-soporte-tecnico-form\/#breadcrumb\",\"itemListElement\":[{\"@type\":\"ListItem\",\"position\":1,\"name\":\"Home\",\"item\":\"https:\/\/old.algardata.com\/es\/\"},{\"@type\":\"ListItem\",\"position\":2,\"name\":\"Contrato de soporte t\u00e9cnico\"}]},{\"@type\":\"WebSite\",\"@id\":\"https:\/\/old.algardata.com\/#website\",\"url\":\"https:\/\/old.algardata.com\/\",\"name\":\"Algardata \u2013 We are technology. Business technology.\",\"description\":\"Na Algardata gostamos de ver crescer o neg\u00f3cio dos nossos clientes. As tecnologias s\u00e3o o meio pelo qual procuramos satisfazer as suas necessidades e objetivos.\",\"publisher\":{\"@id\":\"https:\/\/old.algardata.com\/#organization\"},\"potentialAction\":[{\"@type\":\"SearchAction\",\"target\":{\"@type\":\"EntryPoint\",\"urlTemplate\":\"https:\/\/old.algardata.com\/?s={search_term_string}\"},\"query-input\":\"required name=search_term_string\"}],\"inLanguage\":\"es\"},{\"@type\":\"Organization\",\"@id\":\"https:\/\/old.algardata.com\/#organization\",\"name\":\"Algardata - Sistemas Inform\u00e1ticos SA\",\"url\":\"https:\/\/old.algardata.com\/\",\"logo\":{\"@type\":\"ImageObject\",\"inLanguage\":\"es\",\"@id\":\"https:\/\/old.algardata.com\/#\/schema\/logo\/image\/\",\"url\":\"https:\/\/old.algardata.com\/wp-content\/uploads\/2020\/04\/Logo_algardata.png\",\"contentUrl\":\"https:\/\/old.algardata.com\/wp-content\/uploads\/2020\/04\/Logo_algardata.png\",\"width\":250,\"height\":62,\"caption\":\"Algardata - Sistemas Inform\u00e1ticos SA\"},\"image\":{\"@id\":\"https:\/\/old.algardata.com\/#\/schema\/logo\/image\/\"},\"sameAs\":[\"https:\/\/www.facebook.com\/Algardata-113166512044312\/\",\"https:\/\/twitter.com\/algardata\"]}]}<\/script>\n<!-- \/ Yoast SEO plugin. -->","yoast_head_json":{"title":"Contrato de soporte t\u00e9cnico - Algardata \u2013 We are technology. Business technology.","robots":{"index":"noindex","follow":"follow","max-snippet":"max-snippet:-1","max-image-preview":"max-image-preview:large","max-video-preview":"max-video-preview:-1"},"og_locale":"es_ES","og_type":"article","og_title":"Contrato de soporte t\u00e9cnico - Algardata \u2013 We are technology. Business technology.","og_url":"https:\/\/old.algardata.com\/es\/contrato-de-soporte-tecnico-form\/","og_site_name":"Algardata \u2013 We are technology. Business technology.","article_publisher":"https:\/\/www.facebook.com\/Algardata-113166512044312\/","article_modified_time":"2020-12-17T09:39:04+00:00","og_image":[{"width":1200,"height":630,"url":"https:\/\/old.algardata.com\/wp-content\/uploads\/2020\/08\/OG_helpdesk_TEST_08_20.jpg","type":"image\/jpeg"}],"twitter_card":"summary_large_image","twitter_site":"@algardata","twitter_misc":{"Tiempo de lectura":"7 minutos"},"schema":{"@context":"https:\/\/schema.org","@graph":[{"@type":"WebPage","@id":"https:\/\/old.algardata.com\/es\/contrato-de-soporte-tecnico-form\/","url":"https:\/\/old.algardata.com\/es\/contrato-de-soporte-tecnico-form\/","name":"Contrato de soporte t\u00e9cnico - Algardata \u2013 We are technology. Business technology.","isPartOf":{"@id":"https:\/\/old.algardata.com\/#website"},"datePublished":"2020-08-21T11:15:48+00:00","dateModified":"2020-12-17T09:39:04+00:00","breadcrumb":{"@id":"https:\/\/old.algardata.com\/es\/contrato-de-soporte-tecnico-form\/#breadcrumb"},"inLanguage":"es","potentialAction":[{"@type":"ReadAction","target":["https:\/\/old.algardata.com\/es\/contrato-de-soporte-tecnico-form\/"]}]},{"@type":"BreadcrumbList","@id":"https:\/\/old.algardata.com\/es\/contrato-de-soporte-tecnico-form\/#breadcrumb","itemListElement":[{"@type":"ListItem","position":1,"name":"Home","item":"https:\/\/old.algardata.com\/es\/"},{"@type":"ListItem","position":2,"name":"Contrato de soporte t\u00e9cnico"}]},{"@type":"WebSite","@id":"https:\/\/old.algardata.com\/#website","url":"https:\/\/old.algardata.com\/","name":"Algardata \u2013 We are technology. Business technology.","description":"Na Algardata gostamos de ver crescer o neg\u00f3cio dos nossos clientes. As tecnologias s\u00e3o o meio pelo qual procuramos satisfazer as suas necessidades e objetivos.","publisher":{"@id":"https:\/\/old.algardata.com\/#organization"},"potentialAction":[{"@type":"SearchAction","target":{"@type":"EntryPoint","urlTemplate":"https:\/\/old.algardata.com\/?s={search_term_string}"},"query-input":"required name=search_term_string"}],"inLanguage":"es"},{"@type":"Organization","@id":"https:\/\/old.algardata.com\/#organization","name":"Algardata - Sistemas Inform\u00e1ticos SA","url":"https:\/\/old.algardata.com\/","logo":{"@type":"ImageObject","inLanguage":"es","@id":"https:\/\/old.algardata.com\/#\/schema\/logo\/image\/","url":"https:\/\/old.algardata.com\/wp-content\/uploads\/2020\/04\/Logo_algardata.png","contentUrl":"https:\/\/old.algardata.com\/wp-content\/uploads\/2020\/04\/Logo_algardata.png","width":250,"height":62,"caption":"Algardata - Sistemas Inform\u00e1ticos SA"},"image":{"@id":"https:\/\/old.algardata.com\/#\/schema\/logo\/image\/"},"sameAs":["https:\/\/www.facebook.com\/Algardata-113166512044312\/","https:\/\/twitter.com\/algardata"]}]}},"_links":{"self":[{"href":"https:\/\/old.algardata.com\/es\/wp-json\/wp\/v2\/pages\/16090"}],"collection":[{"href":"https:\/\/old.algardata.com\/es\/wp-json\/wp\/v2\/pages"}],"about":[{"href":"https:\/\/old.algardata.com\/es\/wp-json\/wp\/v2\/types\/page"}],"author":[{"embeddable":true,"href":"https:\/\/old.algardata.com\/es\/wp-json\/wp\/v2\/users\/6"}],"replies":[{"embeddable":true,"href":"https:\/\/old.algardata.com\/es\/wp-json\/wp\/v2\/comments?post=16090"}],"version-history":[{"count":3,"href":"https:\/\/old.algardata.com\/es\/wp-json\/wp\/v2\/pages\/16090\/revisions"}],"predecessor-version":[{"id":16302,"href":"https:\/\/old.algardata.com\/es\/wp-json\/wp\/v2\/pages\/16090\/revisions\/16302"}],"wp:featuredmedia":[{"embeddable":true,"href":"https:\/\/old.algardata.com\/es\/wp-json\/wp\/v2\/media\/11157"}],"wp:attachment":[{"href":"https:\/\/old.algardata.com\/es\/wp-json\/wp\/v2\/media?parent=16090"}],"curies":[{"name":"wp","href":"https:\/\/api.w.org\/{rel}","templated":true}]}}