{"id":16105,"date":"2020-05-11T10:31:35","date_gmt":"2020-05-11T10:31:35","guid":{"rendered":"https:\/\/www.algardata.com\/casos-de-exito\/"},"modified":"2020-12-16T17:09:46","modified_gmt":"2020-12-16T17:09:46","slug":"casos-de-exito","status":"publish","type":"page","link":"https:\/\/old.algardata.com\/es\/casos-de-exito\/","title":{"rendered":"Casos de \u00e9xito"},"content":{"rendered":"<div class=\"fusion-fullwidth fullwidth-box fusion-builder-row-1 fusion-flex-container hundred-percent-fullwidth non-hundred-percent-height-scrolling\" style=\"background-color: #ffffff;background-position: center center;background-repeat: no-repeat;border-width: 0px 0px 0px 0px;border-color:rgba(234,233,233,0);border-style:solid;\" id=\"casos-sucesso\" ><div class=\"fusion-builder-row fusion-row fusion-flex-align-items-flex-start\" style=\"width:calc( 100% + 0px ) !important;max-width:calc( 100% + 0px ) !important;margin-left: calc(-0px \/ 2 );margin-right: calc(-0px \/ 2 );\"><div class=\"fusion-layout-column fusion_builder_column fusion-builder-column-0 fusion_builder_column_1_1 1_1 fusion-flex-column\"><div class=\"fusion-column-wrapper fusion-flex-justify-content-flex-start fusion-content-layout-column\" style=\"background-position:left top;background-repeat:no-repeat;-webkit-background-size:cover;-moz-background-size:cover;-o-background-size:cover;background-size:cover;border-width: 0px 0px 0px 0px;border-color:rgba(0,0,0,0);border-style:solid;padding: 0px 0px 0px 0px;\"><\/div><style type=\"text\/css\">.fusion-body .fusion-builder-column-0{width:100% !important;margin-top : 0px;margin-bottom : 0px;}.fusion-builder-column-0 > .fusion-column-wrapper {padding-top : 0px !important;padding-right : 0px !important;margin-right : 0px;padding-bottom : 0px !important;padding-left : 0px !important;margin-left : 0px;}@media only screen and (max-width:1024px) {.fusion-body .fusion-builder-column-0{width:100% !important;order : 0;margin-top : 0;margin-bottom : 0;}.fusion-builder-column-0 > .fusion-column-wrapper {margin-right : 0px;margin-left : 0px;}}@media only screen and (max-width:640px) {.fusion-body .fusion-builder-column-0{width:100% !important;order : 0;margin-top : 0;margin-bottom : 0;}.fusion-builder-column-0 > .fusion-column-wrapper {margin-right : 0px;margin-left : 0px;}}<\/style><\/div><\/div><style type=\"text\/css\">.fusion-body .fusion-flex-container.fusion-builder-row-1{ padding-top : 24px;margin-top : 0;padding-right : 24px;padding-bottom : 24px;margin-bottom : 0;padding-left : 24px;}@media only screen and (max-width:1024px) {.fusion-body .fusion-flex-container.fusion-builder-row-1{ padding-top : 16px;margin-top : 0;padding-right : 16px;padding-bottom : 16px;margin-bottom : 0;padding-left : 16px;}}@media only screen and (max-width:640px) {.fusion-body .fusion-flex-container.fusion-builder-row-1{ padding-top : 16px;margin-top : 0;padding-right : 16px;padding-bottom : 16px;margin-bottom : 0;padding-left : 16px;}}<\/style><\/div>\n","protected":false},"excerpt":{"rendered":"","protected":false},"author":6,"featured_media":0,"parent":0,"menu_order":0,"comment_status":"closed","ping_status":"closed","template":"100-width.php","meta":{"inline_featured_image":false},"acf":[],"yoast_head":"<!-- This site is optimized with the Yoast SEO plugin v20.4 - https:\/\/yoast.com\/wordpress\/plugins\/seo\/ -->\n<title>Casos de \u00e9xito - Soluciones a la medida - Algardata<\/title>\n<meta name=\"description\" content=\"Conozca los casos de \u00e9xito de Algardata. Porque nuestra vida est\u00e1 hecha de historias con finales felices, conozca a nuestros clientes y sus historias de \u00e9xito.\" \/>\n<meta name=\"robots\" content=\"noindex, follow, max-snippet:-1, max-image-preview:large, max-video-preview:-1\" \/>\n<meta property=\"og:locale\" content=\"es_ES\" \/>\n<meta property=\"og:type\" content=\"article\" \/>\n<meta property=\"og:title\" content=\"Casos de \u00e9xito - Soluciones a la medida - Algardata\" \/>\n<meta property=\"og:description\" content=\"Conozca los casos de \u00e9xito de Algardata. Porque nuestra vida est\u00e1 hecha de historias con finales felices, conozca a nuestros clientes y sus historias de \u00e9xito.\" \/>\n<meta property=\"og:url\" content=\"https:\/\/old.algardata.com\/es\/casos-de-exito\/\" \/>\n<meta property=\"og:site_name\" content=\"Algardata \u2013 We are technology. Business technology.\" \/>\n<meta property=\"article:publisher\" content=\"https:\/\/www.facebook.com\/Algardata-113166512044312\/\" \/>\n<meta property=\"article:modified_time\" content=\"2020-12-16T17:09:46+00:00\" \/>\n<meta property=\"og:image\" content=\"https:\/\/old.algardata.com\/wp-content\/uploads\/2020\/08\/OG_geral_08_20.jpg\" \/>\n\t<meta property=\"og:image:width\" content=\"1200\" \/>\n\t<meta property=\"og:image:height\" content=\"630\" \/>\n\t<meta property=\"og:image:type\" content=\"image\/jpeg\" \/>\n<meta name=\"twitter:card\" content=\"summary_large_image\" \/>\n<meta name=\"twitter:site\" content=\"@algardata\" \/>\n<meta name=\"twitter:label1\" content=\"Tiempo de lectura\" \/>\n\t<meta name=\"twitter:data1\" content=\"4 minutos\" \/>\n<script type=\"application\/ld+json\" class=\"yoast-schema-graph\">{\"@context\":\"https:\/\/schema.org\",\"@graph\":[{\"@type\":\"WebPage\",\"@id\":\"https:\/\/old.algardata.com\/es\/casos-de-exito\/\",\"url\":\"https:\/\/old.algardata.com\/es\/casos-de-exito\/\",\"name\":\"Casos de \u00e9xito - Soluciones a la medida - Algardata\",\"isPartOf\":{\"@id\":\"https:\/\/old.algardata.com\/#website\"},\"datePublished\":\"2020-05-11T10:31:35+00:00\",\"dateModified\":\"2020-12-16T17:09:46+00:00\",\"description\":\"Conozca los casos de \u00e9xito de Algardata. Porque nuestra vida est\u00e1 hecha de historias con finales felices, conozca a nuestros clientes y sus historias de \u00e9xito.\",\"breadcrumb\":{\"@id\":\"https:\/\/old.algardata.com\/es\/casos-de-exito\/#breadcrumb\"},\"inLanguage\":\"es\",\"potentialAction\":[{\"@type\":\"ReadAction\",\"target\":[\"https:\/\/old.algardata.com\/es\/casos-de-exito\/\"]}]},{\"@type\":\"BreadcrumbList\",\"@id\":\"https:\/\/old.algardata.com\/es\/casos-de-exito\/#breadcrumb\",\"itemListElement\":[{\"@type\":\"ListItem\",\"position\":1,\"name\":\"Home\",\"item\":\"https:\/\/old.algardata.com\/es\/\"},{\"@type\":\"ListItem\",\"position\":2,\"name\":\"Casos de \u00e9xito\"}]},{\"@type\":\"WebSite\",\"@id\":\"https:\/\/old.algardata.com\/#website\",\"url\":\"https:\/\/old.algardata.com\/\",\"name\":\"Algardata \u2013 We are technology. Business technology.\",\"description\":\"Na Algardata gostamos de ver crescer o neg\u00f3cio dos nossos clientes. As tecnologias s\u00e3o o meio pelo qual procuramos satisfazer as suas necessidades e objetivos.\",\"publisher\":{\"@id\":\"https:\/\/old.algardata.com\/#organization\"},\"potentialAction\":[{\"@type\":\"SearchAction\",\"target\":{\"@type\":\"EntryPoint\",\"urlTemplate\":\"https:\/\/old.algardata.com\/?s={search_term_string}\"},\"query-input\":\"required name=search_term_string\"}],\"inLanguage\":\"es\"},{\"@type\":\"Organization\",\"@id\":\"https:\/\/old.algardata.com\/#organization\",\"name\":\"Algardata - Sistemas Inform\u00e1ticos SA\",\"url\":\"https:\/\/old.algardata.com\/\",\"logo\":{\"@type\":\"ImageObject\",\"inLanguage\":\"es\",\"@id\":\"https:\/\/old.algardata.com\/#\/schema\/logo\/image\/\",\"url\":\"https:\/\/old.algardata.com\/wp-content\/uploads\/2020\/04\/Logo_algardata.png\",\"contentUrl\":\"https:\/\/old.algardata.com\/wp-content\/uploads\/2020\/04\/Logo_algardata.png\",\"width\":250,\"height\":62,\"caption\":\"Algardata - Sistemas Inform\u00e1ticos SA\"},\"image\":{\"@id\":\"https:\/\/old.algardata.com\/#\/schema\/logo\/image\/\"},\"sameAs\":[\"https:\/\/www.facebook.com\/Algardata-113166512044312\/\",\"https:\/\/twitter.com\/algardata\"]}]}<\/script>\n<!-- \/ Yoast SEO plugin. -->","yoast_head_json":{"title":"Casos de \u00e9xito - Soluciones a la medida - Algardata","description":"Conozca los casos de \u00e9xito de Algardata. Porque nuestra vida est\u00e1 hecha de historias con finales felices, conozca a nuestros clientes y sus historias de \u00e9xito.","robots":{"index":"noindex","follow":"follow","max-snippet":"max-snippet:-1","max-image-preview":"max-image-preview:large","max-video-preview":"max-video-preview:-1"},"og_locale":"es_ES","og_type":"article","og_title":"Casos de \u00e9xito - Soluciones a la medida - Algardata","og_description":"Conozca los casos de \u00e9xito de Algardata. Porque nuestra vida est\u00e1 hecha de historias con finales felices, conozca a nuestros clientes y sus historias de \u00e9xito.","og_url":"https:\/\/old.algardata.com\/es\/casos-de-exito\/","og_site_name":"Algardata \u2013 We are technology. Business technology.","article_publisher":"https:\/\/www.facebook.com\/Algardata-113166512044312\/","article_modified_time":"2020-12-16T17:09:46+00:00","og_image":[{"width":1200,"height":630,"url":"https:\/\/old.algardata.com\/wp-content\/uploads\/2020\/08\/OG_geral_08_20.jpg","type":"image\/jpeg"}],"twitter_card":"summary_large_image","twitter_site":"@algardata","twitter_misc":{"Tiempo de lectura":"4 minutos"},"schema":{"@context":"https:\/\/schema.org","@graph":[{"@type":"WebPage","@id":"https:\/\/old.algardata.com\/es\/casos-de-exito\/","url":"https:\/\/old.algardata.com\/es\/casos-de-exito\/","name":"Casos de \u00e9xito - Soluciones a la medida - Algardata","isPartOf":{"@id":"https:\/\/old.algardata.com\/#website"},"datePublished":"2020-05-11T10:31:35+00:00","dateModified":"2020-12-16T17:09:46+00:00","description":"Conozca los casos de \u00e9xito de Algardata. Porque nuestra vida est\u00e1 hecha de historias con finales felices, conozca a nuestros clientes y sus historias de \u00e9xito.","breadcrumb":{"@id":"https:\/\/old.algardata.com\/es\/casos-de-exito\/#breadcrumb"},"inLanguage":"es","potentialAction":[{"@type":"ReadAction","target":["https:\/\/old.algardata.com\/es\/casos-de-exito\/"]}]},{"@type":"BreadcrumbList","@id":"https:\/\/old.algardata.com\/es\/casos-de-exito\/#breadcrumb","itemListElement":[{"@type":"ListItem","position":1,"name":"Home","item":"https:\/\/old.algardata.com\/es\/"},{"@type":"ListItem","position":2,"name":"Casos de \u00e9xito"}]},{"@type":"WebSite","@id":"https:\/\/old.algardata.com\/#website","url":"https:\/\/old.algardata.com\/","name":"Algardata \u2013 We are technology. Business technology.","description":"Na Algardata gostamos de ver crescer o neg\u00f3cio dos nossos clientes. As tecnologias s\u00e3o o meio pelo qual procuramos satisfazer as suas necessidades e objetivos.","publisher":{"@id":"https:\/\/old.algardata.com\/#organization"},"potentialAction":[{"@type":"SearchAction","target":{"@type":"EntryPoint","urlTemplate":"https:\/\/old.algardata.com\/?s={search_term_string}"},"query-input":"required name=search_term_string"}],"inLanguage":"es"},{"@type":"Organization","@id":"https:\/\/old.algardata.com\/#organization","name":"Algardata - Sistemas Inform\u00e1ticos SA","url":"https:\/\/old.algardata.com\/","logo":{"@type":"ImageObject","inLanguage":"es","@id":"https:\/\/old.algardata.com\/#\/schema\/logo\/image\/","url":"https:\/\/old.algardata.com\/wp-content\/uploads\/2020\/04\/Logo_algardata.png","contentUrl":"https:\/\/old.algardata.com\/wp-content\/uploads\/2020\/04\/Logo_algardata.png","width":250,"height":62,"caption":"Algardata - Sistemas Inform\u00e1ticos SA"},"image":{"@id":"https:\/\/old.algardata.com\/#\/schema\/logo\/image\/"},"sameAs":["https:\/\/www.facebook.com\/Algardata-113166512044312\/","https:\/\/twitter.com\/algardata"]}]}},"_links":{"self":[{"href":"https:\/\/old.algardata.com\/es\/wp-json\/wp\/v2\/pages\/16105"}],"collection":[{"href":"https:\/\/old.algardata.com\/es\/wp-json\/wp\/v2\/pages"}],"about":[{"href":"https:\/\/old.algardata.com\/es\/wp-json\/wp\/v2\/types\/page"}],"author":[{"embeddable":true,"href":"https:\/\/old.algardata.com\/es\/wp-json\/wp\/v2\/users\/6"}],"replies":[{"embeddable":true,"href":"https:\/\/old.algardata.com\/es\/wp-json\/wp\/v2\/comments?post=16105"}],"version-history":[{"count":1,"href":"https:\/\/old.algardata.com\/es\/wp-json\/wp\/v2\/pages\/16105\/revisions"}],"predecessor-version":[{"id":16106,"href":"https:\/\/old.algardata.com\/es\/wp-json\/wp\/v2\/pages\/16105\/revisions\/16106"}],"wp:attachment":[{"href":"https:\/\/old.algardata.com\/es\/wp-json\/wp\/v2\/media?parent=16105"}],"curies":[{"name":"wp","href":"https:\/\/api.w.org\/{rel}","templated":true}]}}