{"id":16116,"date":"2020-06-16T09:52:45","date_gmt":"2020-06-16T08:52:45","guid":{"rendered":"https:\/\/www.algardata.com\/demostracion\/"},"modified":"2021-06-21T13:06:55","modified_gmt":"2021-06-21T13:06:55","slug":"demostracion","status":"publish","type":"page","link":"https:\/\/old.algardata.com\/es\/demostracion\/","title":{"rendered":"Demostraci\u00f3n"},"content":{"rendered":"<p><div class=\"fusion-fullwidth fullwidth-box fusion-builder-row-1 fusion-flex-container nonhundred-percent-fullwidth non-hundred-percent-height-scrolling\" style=\"background-color: #ffffff;background-position: center center;background-repeat: no-repeat;border-width: 0px 0px 0px 0px;border-color:#eae9e9;border-style:solid;\" ><div class=\"fusion-builder-row fusion-row fusion-flex-align-items-stretch fusion-flex-align-content-center\" style=\"max-width:1331.2px;margin-left: calc(-4% \/ 2 );margin-right: calc(-4% \/ 2 );\"><div class=\"fusion-layout-column fusion_builder_column fusion-builder-column-0 fusion_builder_column_1_2 1_2 fusion-flex-column\"><div class=\"fusion-column-wrapper fusion-flex-justify-content-center fusion-content-layout-column\" style=\"background-position:left top;background-repeat:no-repeat;-webkit-background-size:cover;-moz-background-size:cover;-o-background-size:cover;background-size:cover;padding: 0px 0px 0px 0px;\"><div ><span class=\" fusion-imageframe imageframe-none imageframe-1 hover-type-none\"><img decoding=\"async\" width=\"148\" height=\"40\" alt=\"algardata logo 40pxv1\" title=\"algardata logo 40pxv1\" src=\"data:image\/svg+xml,%3Csvg%20xmlns%3D%27http%3A%2F%2Fwww.w3.org%2F2000%2Fsvg%27%20width%3D%27148%27%20height%3D%2740%27%20viewBox%3D%270%200%20148%2040%27%3E%3Crect%20width%3D%27148%27%20height%3D%2740%27%20fill-opacity%3D%220%22%2F%3E%3C%2Fsvg%3E\" data-orig-src=\"https:\/\/old.algardata.com\/wp-content\/uploads\/2020\/05\/algardata_logo_40pxv1.png\" class=\"lazyload img-responsive wp-image-5595\"\/><\/span><\/div><style type=\"text\/css\">@media only screen and (max-width:1024px) {.fusion-title.fusion-title-1{margin-top:10px!important; margin-right:0px!important;margin-bottom:24px!important;margin-left:0px!important;}}@media only screen and (max-width:640px) {.fusion-title.fusion-title-1{margin-top:10px!important; margin-right:0px!important;margin-bottom:10px!important; margin-left:0px!important;}}<\/style><div class=\"fusion-title title fusion-title-1 fusion-sep-none fusion-title-text fusion-title-size-six\" style=\"font-size:24px;margin-top:10px;margin-right:0px;margin-bottom:24px;margin-left:0px;\"><h6 class=\"title-heading-left fusion-responsive-typography-calculated\" style=\"margin:0;font-size:1em;--fontSize:24;line-height:1.67;\">Actualice su negocio para que los procesos de su empresa sean m\u00e1s rentables y eficientes.   <\/h6><\/div><div ><span class=\" fusion-imageframe imageframe-none imageframe-2 hover-type-none\"><img decoding=\"async\" width=\"1504\" height=\"696\" title=\"LP demo_header_06_21\" src=\"https:\/\/old.algardata.com\/wp-content\/uploads\/2021\/06\/LP-demo_header_06_21.jpg\" data-orig-src=\"https:\/\/old.algardata.com\/wp-content\/uploads\/2021\/06\/LP-demo_header_06_21.jpg\" class=\"lazyload img-responsive wp-image-19023\" srcset=\"data:image\/svg+xml,%3Csvg%20xmlns%3D%27http%3A%2F%2Fwww.w3.org%2F2000%2Fsvg%27%20width%3D%271504%27%20height%3D%27696%27%20viewBox%3D%270%200%201504%20696%27%3E%3Crect%20width%3D%271504%27%20height%3D%27696%27%20fill-opacity%3D%220%22%2F%3E%3C%2Fsvg%3E\" data-srcset=\"https:\/\/old.algardata.com\/wp-content\/uploads\/2021\/06\/LP-demo_header_06_21-200x93.jpg 200w, https:\/\/old.algardata.com\/wp-content\/uploads\/2021\/06\/LP-demo_header_06_21-400x185.jpg 400w, https:\/\/old.algardata.com\/wp-content\/uploads\/2021\/06\/LP-demo_header_06_21-600x278.jpg 600w, https:\/\/old.algardata.com\/wp-content\/uploads\/2021\/06\/LP-demo_header_06_21-800x370.jpg 800w, https:\/\/old.algardata.com\/wp-content\/uploads\/2021\/06\/LP-demo_header_06_21-1200x555.jpg 1200w, https:\/\/old.algardata.com\/wp-content\/uploads\/2021\/06\/LP-demo_header_06_21.jpg 1504w\" data-sizes=\"auto\" data-orig-sizes=\"(max-width: 1024px) 100vw, (max-width: 640px) 100vw, 600px\" \/><\/span><\/div><style type=\"text\/css\">@media only screen and (max-width:1024px) {.fusion-title.fusion-title-2{margin-top:24px!important; margin-right:0px!important;margin-bottom:0px!important;margin-left:0px!important;}}@media only screen and (max-width:640px) {.fusion-title.fusion-title-2{margin-top:10px!important; margin-right:0px!important;margin-bottom:10px!important; margin-left:0px!important;}}<\/style><div class=\"fusion-title title fusion-title-2 fusion-sep-none fusion-title-text fusion-title-size-six\" style=\"font-size:24px;margin-top:24px;margin-right:0px;margin-bottom:0px;margin-left:0px;\"><h6 class=\"title-heading-left fusion-responsive-typography-calculated\" style=\"margin:0;font-size:1em;--fontSize:24;line-height:1.67;\">\u00bfC\u00f3mo?<\/h6><\/div><div class=\"fusion-text fusion-text-1\"><ul style=\"list-style-type: none;\">\n<li style=\"margin-bottom: 20px;\"><i class=\"fal fa-check\" style=\"color: #00ff99;\"><\/i> Con m\u00e1s de 30 a\u00f1os de experiencia, Algardata realiza un diagn\u00f3stico operativo de su empresa para identificar oportunidades de mejora.   <\/li>\n<li style=\"margin-bottom: 20px;\"><i class=\"fal fa-check\" style=\"color: #00ff99;\"><\/i> Somos expertos en el desarrollo y la aplicaci\u00f3n de soluciones personalizadas, basadas en planes de acci\u00f3n espec\u00edficos.   <\/li>\n<li style=\"margin-bottom: 30px;\"><i class=\"fal fa-check\" style=\"color: #00ff99;\"><\/i> Contamos con consultores altamente certificados para asistir en el desarrollo e implementaci\u00f3n de soluciones personalizadas que garanticen m\u00e1s valor para su organizaci\u00f3n.  <\/li>\n<\/ul>\n<p><strong>\u00a1Inicie el cambio ahora! <\/strong> Optimice el rendimiento de su empresa con soluciones adaptadas a sus necesidades.<\/p>\n<\/div><\/div><style type=\"text\/css\">.fusion-body .fusion-builder-column-0{width:50% !important;margin-top : 0px;margin-bottom : 0px;}.fusion-builder-column-0 > .fusion-column-wrapper {padding-top : 0px !important;padding-right : 0px !important;margin-right : 128px;padding-bottom : 0px !important;padding-left : 0px !important;margin-left : 0;}@media only screen and (max-width:1024px) {.fusion-body .fusion-builder-column-0{width:100% !important;order : 0;margin-top : 0;margin-bottom : 48px;}.fusion-builder-column-0 > .fusion-column-wrapper {margin-right : 1.92%;margin-left : 1.92%;}}@media only screen and (max-width:640px) {.fusion-body .fusion-builder-column-0{width:100% !important;order : 0;margin-top : 0;margin-bottom : 48px;}.fusion-builder-column-0 > .fusion-column-wrapper {margin-right : 1.92%;margin-left : 1.92%;}}<\/style><\/div><div class=\"fusion-layout-column fusion_builder_column fusion-builder-column-1 fusion_builder_column_1_2 1_2 fusion-flex-column\"><div class=\"fusion-column-wrapper fusion-flex-justify-content-flex-start fusion-content-layout-column\" style=\"background-position:left top;background-repeat:no-repeat;-webkit-background-size:cover;-moz-background-size:cover;-o-background-size:cover;background-size:cover;padding: 0px 0px 0px 0px;\"><div class=\"fusion-text fusion-text-2\"><p style=\"margin-bottom: 20px !important;\"><strong>En Algardata sabemos c\u00f3mo ayudarle  <\/strong><\/p>\n<p>Rellene el formulario y nos pondremos en contacto con usted con una oferta personalizada lo antes posible.<\/p>\n<\/div><div class=\"fusion-separator fusion-full-width-sep\" style=\"align-self: center;margin-left: auto;margin-right: auto;margin-top:16px;width:100%;\"><\/div>\n<div class=\"wpcf7 no-js\" id=\"wpcf7-f16358-o1\" lang=\"es-ES\" dir=\"ltr\">\n<div class=\"screen-reader-response\"><p role=\"status\" aria-live=\"polite\" aria-atomic=\"true\"><\/p> <ul><\/ul><\/div>\n<form action=\"\/es\/wp-json\/wp\/v2\/pages\/16116#wpcf7-f16358-o1\" method=\"post\" class=\"wpcf7-form init\" aria-label=\"Formulario de contacto\" novalidate=\"novalidate\" data-status=\"init\">\n<div style=\"display: none;\">\n<input type=\"hidden\" name=\"_wpcf7\" value=\"16358\" \/>\n<input type=\"hidden\" name=\"_wpcf7_version\" value=\"5.8.5\" \/>\n<input type=\"hidden\" name=\"_wpcf7_locale\" value=\"es_ES\" \/>\n<input type=\"hidden\" name=\"_wpcf7_unit_tag\" value=\"wpcf7-f16358-o1\" \/>\n<input type=\"hidden\" name=\"_wpcf7_container_post\" value=\"0\" \/>\n<input type=\"hidden\" name=\"_wpcf7_posted_data_hash\" value=\"\" \/>\n<input type=\"hidden\" name=\"_wpcf7cf_hidden_group_fields\" value=\"[]\" \/>\n<input type=\"hidden\" name=\"_wpcf7cf_hidden_groups\" value=\"[]\" \/>\n<input type=\"hidden\" name=\"_wpcf7cf_visible_groups\" value=\"[]\" \/>\n<input type=\"hidden\" name=\"_wpcf7cf_repeaters\" value=\"[]\" \/>\n<input type=\"hidden\" name=\"_wpcf7cf_steps\" value=\"{}\" \/>\n<input type=\"hidden\" name=\"_wpcf7cf_options\" value=\"{&quot;form_id&quot;:16358,&quot;conditions&quot;:[],&quot;settings&quot;:{&quot;animation&quot;:&quot;yes&quot;,&quot;animation_intime&quot;:200,&quot;animation_outtime&quot;:200,&quot;conditions_ui&quot;:&quot;normal&quot;,&quot;notice_dismissed&quot;:false}}\" \/>\n<\/div>\n<div data-id=\"servs\" data-orig_data_id=\"servs\"  data-class=\"wpcf7cf_group\">\n\t<p><label>Servi\u00e7o<\/label><br \/>\n<span class=\"wpcf7-form-control-wrap\" data-name=\"servico\"><input size=\"40\" class=\"wpcf7-form-control wpcf7-text\" readonly=\"readonly\" aria-invalid=\"false\" value=\"Demonstra\u00e7\u00e3o geral\" type=\"text\" name=\"servico\" \/><\/span>\n\t<\/p>\n<\/div>\n<p><label>Nombre <span style=\"color:#1191e7;\">*<\/span><\/label><br \/>\n<span class=\"wpcf7-form-control-wrap\" data-name=\"your-name\"><input size=\"40\" class=\"wpcf7-form-control wpcf7-text wpcf7-validates-as-required\" aria-required=\"true\" aria-invalid=\"false\" value=\"\" type=\"text\" name=\"your-name\" \/><\/span>\n<\/p>\n<p><label>Correo electr\u00f3nico profesional <span style=\"color:#1191e7;\">*<\/span><\/label><br \/>\n<span class=\"wpcf7-form-control-wrap\" data-name=\"your-email\"><input size=\"40\" class=\"wpcf7-form-control wpcf7-email wpcf7-validates-as-required wpcf7-text wpcf7-validates-as-email\" aria-required=\"true\" aria-invalid=\"false\" value=\"\" type=\"email\" name=\"your-email\" \/><\/span>\n<\/p>\n<p><label>N\u00famero de tel\u00e9fono <span style=\"color:#1191e7;\">*<\/span><\/label><br \/>\n<span class=\"wpcf7-form-control-wrap\" data-name=\"your-phone\"><input size=\"40\" class=\"wpcf7-form-control wpcf7-tel wpcf7-validates-as-required wpcf7-text wpcf7-validates-as-tel\" aria-required=\"true\" aria-invalid=\"false\" value=\"\" type=\"tel\" name=\"your-phone\" \/><\/span>\n<\/p>\n<p><label>Empresa <span style=\"color:#1191e7;\">*<\/span><\/label><br \/>\n<span class=\"wpcf7-form-control-wrap\" data-name=\"your-empresa\"><input size=\"40\" class=\"wpcf7-form-control wpcf7-text wpcf7-validates-as-required\" aria-required=\"true\" aria-invalid=\"false\" value=\"\" type=\"text\" name=\"your-empresa\" \/><\/span>\n<\/p>\n<p><label>N\u00famero de funcion\u00e1rios <span style=\"color:#1191e7;\">*<\/span><\/label><br \/>\n<span class=\"wpcf7-form-control-wrap\" data-name=\"your-funcionarios\"><input size=\"40\" class=\"wpcf7-form-control wpcf7-text wpcf7-validates-as-required\" aria-required=\"true\" aria-invalid=\"false\" value=\"\" type=\"text\" name=\"your-funcionarios\" \/><\/span>\n<\/p>\n<p><label>Localidade <\/label><br \/>\n<span class=\"wpcf7-form-control-wrap\" data-name=\"your-localidade\"><input size=\"40\" class=\"wpcf7-form-control wpcf7-text\" aria-invalid=\"false\" value=\"\" type=\"text\" name=\"your-localidade\" \/><\/span>\n<\/p>\n<p><input class=\"wpcf7-form-control wpcf7-submit has-spinner pillform\" type=\"submit\" value=\"Enviar\" \/>\n<\/p><div class=\"fusion-alert alert custom alert-custom fusion-alert-center wpcf7-response-output alert-dismissable\" style=\"border-width:1px;\"><button type=\"button\" class=\"close toggle-alert\" data-dismiss=\"alert\" aria-label=\"Close\">&times;<\/button><div class=\"fusion-alert-content-wrapper\"><span class=\"fusion-alert-content\"><\/span><\/div><\/div>\n<\/form>\n<\/div>\n<div class=\"fusion-separator fusion-full-width-sep\" style=\"align-self: center;margin-left: auto;margin-right: auto;margin-top:48px;width:100%;\"><\/div><\/div><style type=\"text\/css\">.fusion-body .fusion-builder-column-1{width:50% !important;margin-top : 0px;margin-bottom : 0px;}.fusion-builder-column-1 > .fusion-column-wrapper {padding-top : 0px !important;padding-right : 0px !important;margin-right : 128px;padding-bottom : 0px !important;padding-left : 0px !important;margin-left : 0;}@media only screen and (max-width:1024px) {.fusion-body .fusion-builder-column-1{width:100% !important;order : 0;margin-top : 0;margin-bottom : 0;}.fusion-builder-column-1 > .fusion-column-wrapper {margin-right : 1.92%;margin-left : 1.92%;}}@media only screen and (max-width:640px) {.fusion-body .fusion-builder-column-1{width:100% !important;order : 0;margin-top : 0;margin-bottom : 0;}.fusion-builder-column-1 > .fusion-column-wrapper {margin-right : 1.92%;margin-left : 1.92%;}}<\/style><\/div><\/div><style type=\"text\/css\">.fusion-body .fusion-flex-container.fusion-builder-row-1{ padding-top : 0px;margin-top : 80px;padding-right : 48px;padding-bottom : 0px;margin-bottom : 80px;padding-left : 48px;}@media only screen and (max-width:1024px) {.fusion-body .fusion-flex-container.fusion-builder-row-1{ margin-top : 80px;padding-right : 16px;margin-bottom : 80px;padding-left : 16px;}}@media only screen and (max-width:640px) {.fusion-body .fusion-flex-container.fusion-builder-row-1{ margin-top : 80px;margin-bottom : 80px;}}<\/style><\/div>\n\n<\/p>\n","protected":false},"excerpt":{"rendered":"","protected":false},"author":6,"featured_media":0,"parent":0,"menu_order":0,"comment_status":"closed","ping_status":"closed","template":"100-width.php","meta":{"inline_featured_image":false},"acf":[],"yoast_head":"<!-- This site is optimized with the Yoast SEO plugin v20.4 - https:\/\/yoast.com\/wordpress\/plugins\/seo\/ -->\n<title>Consultor\u00eda gratuita para su negocio - Algardata<\/title>\n<meta name=\"description\" content=\"\u00bfQuiere tener una compa\u00f1\u00eda exitosa? En Algardata sabemos c\u00f3mo ayudarlo. Tenemos herramientas para mejorar la gesti\u00f3n de su negocio.\" \/>\n<meta name=\"robots\" content=\"noindex, follow, max-snippet:-1, max-image-preview:large, max-video-preview:-1\" \/>\n<meta property=\"og:locale\" content=\"es_ES\" \/>\n<meta property=\"og:type\" content=\"article\" \/>\n<meta property=\"og:title\" content=\"Consultor\u00eda gratuita para su negocio - Algardata\" \/>\n<meta property=\"og:description\" content=\"\u00bfQuiere tener una compa\u00f1\u00eda exitosa? En Algardata sabemos c\u00f3mo ayudarlo. Tenemos herramientas para mejorar la gesti\u00f3n de su negocio.\" \/>\n<meta property=\"og:url\" content=\"https:\/\/old.algardata.com\/es\/demostracion\/\" \/>\n<meta property=\"og:site_name\" content=\"Algardata \u2013 We are technology. Business technology.\" \/>\n<meta property=\"article:publisher\" content=\"https:\/\/www.facebook.com\/Algardata-113166512044312\/\" \/>\n<meta property=\"article:modified_time\" content=\"2021-06-21T13:06:55+00:00\" \/>\n<meta property=\"og:image\" content=\"https:\/\/old.algardata.com\/wp-content\/uploads\/2020\/08\/OG_geral_08_20.jpg\" \/>\n\t<meta property=\"og:image:width\" content=\"1200\" \/>\n\t<meta property=\"og:image:height\" content=\"630\" \/>\n\t<meta property=\"og:image:type\" content=\"image\/jpeg\" \/>\n<meta name=\"twitter:card\" content=\"summary_large_image\" \/>\n<meta name=\"twitter:site\" content=\"@algardata\" \/>\n<meta name=\"twitter:label1\" content=\"Tiempo de lectura\" \/>\n\t<meta name=\"twitter:data1\" content=\"9 minutos\" \/>\n<script type=\"application\/ld+json\" class=\"yoast-schema-graph\">{\"@context\":\"https:\/\/schema.org\",\"@graph\":[{\"@type\":\"WebPage\",\"@id\":\"https:\/\/old.algardata.com\/es\/demostracion\/\",\"url\":\"https:\/\/old.algardata.com\/es\/demostracion\/\",\"name\":\"Consultor\u00eda gratuita para su negocio - Algardata\",\"isPartOf\":{\"@id\":\"https:\/\/old.algardata.com\/#website\"},\"datePublished\":\"2020-06-16T08:52:45+00:00\",\"dateModified\":\"2021-06-21T13:06:55+00:00\",\"description\":\"\u00bfQuiere tener una compa\u00f1\u00eda exitosa? En Algardata sabemos c\u00f3mo ayudarlo. Tenemos herramientas para mejorar la gesti\u00f3n de su negocio.\",\"breadcrumb\":{\"@id\":\"https:\/\/old.algardata.com\/es\/demostracion\/#breadcrumb\"},\"inLanguage\":\"es\",\"potentialAction\":[{\"@type\":\"ReadAction\",\"target\":[\"https:\/\/old.algardata.com\/es\/demostracion\/\"]}]},{\"@type\":\"BreadcrumbList\",\"@id\":\"https:\/\/old.algardata.com\/es\/demostracion\/#breadcrumb\",\"itemListElement\":[{\"@type\":\"ListItem\",\"position\":1,\"name\":\"Home\",\"item\":\"https:\/\/old.algardata.com\/es\/\"},{\"@type\":\"ListItem\",\"position\":2,\"name\":\"Demostraci\u00f3n\"}]},{\"@type\":\"WebSite\",\"@id\":\"https:\/\/old.algardata.com\/#website\",\"url\":\"https:\/\/old.algardata.com\/\",\"name\":\"Algardata \u2013 We are technology. Business technology.\",\"description\":\"Na Algardata gostamos de ver crescer o neg\u00f3cio dos nossos clientes. As tecnologias s\u00e3o o meio pelo qual procuramos satisfazer as suas necessidades e objetivos.\",\"publisher\":{\"@id\":\"https:\/\/old.algardata.com\/#organization\"},\"potentialAction\":[{\"@type\":\"SearchAction\",\"target\":{\"@type\":\"EntryPoint\",\"urlTemplate\":\"https:\/\/old.algardata.com\/?s={search_term_string}\"},\"query-input\":\"required name=search_term_string\"}],\"inLanguage\":\"es\"},{\"@type\":\"Organization\",\"@id\":\"https:\/\/old.algardata.com\/#organization\",\"name\":\"Algardata - Sistemas Inform\u00e1ticos SA\",\"url\":\"https:\/\/old.algardata.com\/\",\"logo\":{\"@type\":\"ImageObject\",\"inLanguage\":\"es\",\"@id\":\"https:\/\/old.algardata.com\/#\/schema\/logo\/image\/\",\"url\":\"https:\/\/old.algardata.com\/wp-content\/uploads\/2020\/04\/Logo_algardata.png\",\"contentUrl\":\"https:\/\/old.algardata.com\/wp-content\/uploads\/2020\/04\/Logo_algardata.png\",\"width\":250,\"height\":62,\"caption\":\"Algardata - Sistemas Inform\u00e1ticos SA\"},\"image\":{\"@id\":\"https:\/\/old.algardata.com\/#\/schema\/logo\/image\/\"},\"sameAs\":[\"https:\/\/www.facebook.com\/Algardata-113166512044312\/\",\"https:\/\/twitter.com\/algardata\"]}]}<\/script>\n<!-- \/ Yoast SEO plugin. -->","yoast_head_json":{"title":"Consultor\u00eda gratuita para su negocio - Algardata","description":"\u00bfQuiere tener una compa\u00f1\u00eda exitosa? En Algardata sabemos c\u00f3mo ayudarlo. Tenemos herramientas para mejorar la gesti\u00f3n de su negocio.","robots":{"index":"noindex","follow":"follow","max-snippet":"max-snippet:-1","max-image-preview":"max-image-preview:large","max-video-preview":"max-video-preview:-1"},"og_locale":"es_ES","og_type":"article","og_title":"Consultor\u00eda gratuita para su negocio - Algardata","og_description":"\u00bfQuiere tener una compa\u00f1\u00eda exitosa? En Algardata sabemos c\u00f3mo ayudarlo. Tenemos herramientas para mejorar la gesti\u00f3n de su negocio.","og_url":"https:\/\/old.algardata.com\/es\/demostracion\/","og_site_name":"Algardata \u2013 We are technology. Business technology.","article_publisher":"https:\/\/www.facebook.com\/Algardata-113166512044312\/","article_modified_time":"2021-06-21T13:06:55+00:00","og_image":[{"width":1200,"height":630,"url":"https:\/\/old.algardata.com\/wp-content\/uploads\/2020\/08\/OG_geral_08_20.jpg","type":"image\/jpeg"}],"twitter_card":"summary_large_image","twitter_site":"@algardata","twitter_misc":{"Tiempo de lectura":"9 minutos"},"schema":{"@context":"https:\/\/schema.org","@graph":[{"@type":"WebPage","@id":"https:\/\/old.algardata.com\/es\/demostracion\/","url":"https:\/\/old.algardata.com\/es\/demostracion\/","name":"Consultor\u00eda gratuita para su negocio - Algardata","isPartOf":{"@id":"https:\/\/old.algardata.com\/#website"},"datePublished":"2020-06-16T08:52:45+00:00","dateModified":"2021-06-21T13:06:55+00:00","description":"\u00bfQuiere tener una compa\u00f1\u00eda exitosa? En Algardata sabemos c\u00f3mo ayudarlo. Tenemos herramientas para mejorar la gesti\u00f3n de su negocio.","breadcrumb":{"@id":"https:\/\/old.algardata.com\/es\/demostracion\/#breadcrumb"},"inLanguage":"es","potentialAction":[{"@type":"ReadAction","target":["https:\/\/old.algardata.com\/es\/demostracion\/"]}]},{"@type":"BreadcrumbList","@id":"https:\/\/old.algardata.com\/es\/demostracion\/#breadcrumb","itemListElement":[{"@type":"ListItem","position":1,"name":"Home","item":"https:\/\/old.algardata.com\/es\/"},{"@type":"ListItem","position":2,"name":"Demostraci\u00f3n"}]},{"@type":"WebSite","@id":"https:\/\/old.algardata.com\/#website","url":"https:\/\/old.algardata.com\/","name":"Algardata \u2013 We are technology. Business technology.","description":"Na Algardata gostamos de ver crescer o neg\u00f3cio dos nossos clientes. As tecnologias s\u00e3o o meio pelo qual procuramos satisfazer as suas necessidades e objetivos.","publisher":{"@id":"https:\/\/old.algardata.com\/#organization"},"potentialAction":[{"@type":"SearchAction","target":{"@type":"EntryPoint","urlTemplate":"https:\/\/old.algardata.com\/?s={search_term_string}"},"query-input":"required name=search_term_string"}],"inLanguage":"es"},{"@type":"Organization","@id":"https:\/\/old.algardata.com\/#organization","name":"Algardata - Sistemas Inform\u00e1ticos SA","url":"https:\/\/old.algardata.com\/","logo":{"@type":"ImageObject","inLanguage":"es","@id":"https:\/\/old.algardata.com\/#\/schema\/logo\/image\/","url":"https:\/\/old.algardata.com\/wp-content\/uploads\/2020\/04\/Logo_algardata.png","contentUrl":"https:\/\/old.algardata.com\/wp-content\/uploads\/2020\/04\/Logo_algardata.png","width":250,"height":62,"caption":"Algardata - Sistemas Inform\u00e1ticos SA"},"image":{"@id":"https:\/\/old.algardata.com\/#\/schema\/logo\/image\/"},"sameAs":["https:\/\/www.facebook.com\/Algardata-113166512044312\/","https:\/\/twitter.com\/algardata"]}]}},"_links":{"self":[{"href":"https:\/\/old.algardata.com\/es\/wp-json\/wp\/v2\/pages\/16116"}],"collection":[{"href":"https:\/\/old.algardata.com\/es\/wp-json\/wp\/v2\/pages"}],"about":[{"href":"https:\/\/old.algardata.com\/es\/wp-json\/wp\/v2\/types\/page"}],"author":[{"embeddable":true,"href":"https:\/\/old.algardata.com\/es\/wp-json\/wp\/v2\/users\/6"}],"replies":[{"embeddable":true,"href":"https:\/\/old.algardata.com\/es\/wp-json\/wp\/v2\/comments?post=16116"}],"version-history":[{"count":6,"href":"https:\/\/old.algardata.com\/es\/wp-json\/wp\/v2\/pages\/16116\/revisions"}],"predecessor-version":[{"id":19156,"href":"https:\/\/old.algardata.com\/es\/wp-json\/wp\/v2\/pages\/16116\/revisions\/19156"}],"wp:attachment":[{"href":"https:\/\/old.algardata.com\/es\/wp-json\/wp\/v2\/media?parent=16116"}],"curies":[{"name":"wp","href":"https:\/\/api.w.org\/{rel}","templated":true}]}}